{"id":62,"date":"2021-01-24T13:18:03","date_gmt":"2021-01-24T13:18:03","guid":{"rendered":"http:\/\/www.scop-renouvlab.fr\/?page_id=62"},"modified":"2024-09-01T21:24:30","modified_gmt":"2024-09-01T21:24:30","slug":"solaire-photovoltaique","status":"publish","type":"page","link":"https:\/\/www.scop-renouvlab.fr\/?page_id=62","title":{"rendered":"Solaire photovolta\u00efque (abr\u00e8v. PV)"},"content":{"rendered":"\n<p>La production d&rsquo;\u00e9lectricit\u00e9 gr\u00e2ce aux rayons du soleil est valorisable de diff\u00e9rentes fa\u00e7ons que l&rsquo;on soit raccord\u00e9 au r\u00e9seau \u00e9lectrique national ou en site isol\u00e9 (pas de lien avec le r\u00e9seau \u00e9lectrique).<\/p>\n\n\n\n<p>Nous proposons toutes les solutions visant \u00e0 l&rsquo;<strong>autoconsommation<\/strong> et\/ou la <strong>vente de l&rsquo;\u00e9lectricit\u00e9 produite<\/strong> :<\/p>\n\n\n\n<ul class=\"wp-block-list\">\n<li>vente totale de l&rsquo;\u00e9lectricit\u00e9 via installation en toiture existante, ou cr\u00e9ation de b\u00e2timent avec couverture PV<\/li>\n\n\n\n<li>autoconsommation avec vente ou don du surplus suivant les conditions d\u2019installation au sol ou en toiture<\/li>\n\n\n\n<li>autoconsommation totale via des syst\u00e8mes raccord\u00e9s au r\u00e9seau \u00e9lectrique domestique+national, ou du stockage pour les sites isol\u00e9s<\/li>\n<\/ul>\n\n\n\n<figure class=\"wp-block-gallery has-nested-images columns-default is-cropped wp-block-gallery-1 is-layout-flex wp-block-gallery-is-layout-flex\">\n<figure class=\"wp-block-image size-large\"><img loading=\"lazy\" decoding=\"async\" width=\"1024\" height=\"558\" data-id=\"157\" src=\"https:\/\/www.scop-renouvlab.fr\/wp-content\/uploads\/2021\/12\/modules-PV-sur-salle-des-fetes-9-kWc-1024x558.jpg\" alt=\"\" class=\"wp-image-157\" srcset=\"https:\/\/www.scop-renouvlab.fr\/wp-content\/uploads\/2021\/12\/modules-PV-sur-salle-des-fetes-9-kWc-1024x558.jpg 1024w, https:\/\/www.scop-renouvlab.fr\/wp-content\/uploads\/2021\/12\/modules-PV-sur-salle-des-fetes-9-kWc-300x164.jpg 300w, https:\/\/www.scop-renouvlab.fr\/wp-content\/uploads\/2021\/12\/modules-PV-sur-salle-des-fetes-9-kWc-768x419.jpg 768w, https:\/\/www.scop-renouvlab.fr\/wp-content\/uploads\/2021\/12\/modules-PV-sur-salle-des-fetes-9-kWc.jpg 1154w\" sizes=\"auto, (max-width: 1024px) 100vw, 1024px\" \/><\/figure>\n\n\n\n<figure class=\"wp-block-image size-large\"><img loading=\"lazy\" decoding=\"async\" width=\"1024\" height=\"665\" data-id=\"153\" src=\"https:\/\/www.scop-renouvlab.fr\/wp-content\/uploads\/2021\/12\/9-kWc-fin-de-chantier-1024x665.jpg\" alt=\"\" class=\"wp-image-153\" srcset=\"https:\/\/www.scop-renouvlab.fr\/wp-content\/uploads\/2021\/12\/9-kWc-fin-de-chantier-1024x665.jpg 1024w, https:\/\/www.scop-renouvlab.fr\/wp-content\/uploads\/2021\/12\/9-kWc-fin-de-chantier-300x195.jpg 300w, https:\/\/www.scop-renouvlab.fr\/wp-content\/uploads\/2021\/12\/9-kWc-fin-de-chantier-768x499.jpg 768w, https:\/\/www.scop-renouvlab.fr\/wp-content\/uploads\/2021\/12\/9-kWc-fin-de-chantier-1536x998.jpg 1536w, https:\/\/www.scop-renouvlab.fr\/wp-content\/uploads\/2021\/12\/9-kWc-fin-de-chantier.jpg 1701w\" sizes=\"auto, (max-width: 1024px) 100vw, 1024px\" \/><\/figure>\n\n\n\n<figure class=\"wp-block-image size-large\"><img loading=\"lazy\" decoding=\"async\" width=\"1024\" height=\"853\" data-id=\"149\" src=\"https:\/\/www.scop-renouvlab.fr\/wp-content\/uploads\/2021\/12\/PV-surimpose-9-kWc-1024x853.jpg\" alt=\"\" class=\"wp-image-149\" srcset=\"https:\/\/www.scop-renouvlab.fr\/wp-content\/uploads\/2021\/12\/PV-surimpose-9-kWc-1024x853.jpg 1024w, https:\/\/www.scop-renouvlab.fr\/wp-content\/uploads\/2021\/12\/PV-surimpose-9-kWc-300x250.jpg 300w, https:\/\/www.scop-renouvlab.fr\/wp-content\/uploads\/2021\/12\/PV-surimpose-9-kWc-768x640.jpg 768w, https:\/\/www.scop-renouvlab.fr\/wp-content\/uploads\/2021\/12\/PV-surimpose-9-kWc.jpg 1417w\" sizes=\"auto, (max-width: 1024px) 100vw, 1024px\" \/><\/figure>\n\n\n\n<figure class=\"wp-block-image size-large\"><img loading=\"lazy\" decoding=\"async\" width=\"1024\" height=\"512\" data-id=\"208\" src=\"https:\/\/www.scop-renouvlab.fr\/wp-content\/uploads\/2024\/09\/Autoconsommation-et-vente-surplus-Fronius-GEn24-4.0kVA-1024x512.jpg\" alt=\"\" class=\"wp-image-208\" srcset=\"https:\/\/www.scop-renouvlab.fr\/wp-content\/uploads\/2024\/09\/Autoconsommation-et-vente-surplus-Fronius-GEn24-4.0kVA-1024x512.jpg 1024w, https:\/\/www.scop-renouvlab.fr\/wp-content\/uploads\/2024\/09\/Autoconsommation-et-vente-surplus-Fronius-GEn24-4.0kVA-300x150.jpg 300w, https:\/\/www.scop-renouvlab.fr\/wp-content\/uploads\/2024\/09\/Autoconsommation-et-vente-surplus-Fronius-GEn24-4.0kVA-768x384.jpg 768w, https:\/\/www.scop-renouvlab.fr\/wp-content\/uploads\/2024\/09\/Autoconsommation-et-vente-surplus-Fronius-GEn24-4.0kVA-1536x768.jpg 1536w, https:\/\/www.scop-renouvlab.fr\/wp-content\/uploads\/2024\/09\/Autoconsommation-et-vente-surplus-Fronius-GEn24-4.0kVA-2048x1024.jpg 2048w\" sizes=\"auto, (max-width: 1024px) 100vw, 1024px\" \/><\/figure>\n\n\n\n<figure class=\"wp-block-image size-large\"><img loading=\"lazy\" decoding=\"async\" width=\"768\" height=\"1024\" data-id=\"207\" src=\"https:\/\/www.scop-renouvlab.fr\/wp-content\/uploads\/2024\/09\/3-kWc-AUTOCONSOMMATION-VENTE-SURPLUS-optimiseurs-puissance-768x1024.jpg\" alt=\"\" class=\"wp-image-207\" srcset=\"https:\/\/www.scop-renouvlab.fr\/wp-content\/uploads\/2024\/09\/3-kWc-AUTOCONSOMMATION-VENTE-SURPLUS-optimiseurs-puissance-768x1024.jpg 768w, https:\/\/www.scop-renouvlab.fr\/wp-content\/uploads\/2024\/09\/3-kWc-AUTOCONSOMMATION-VENTE-SURPLUS-optimiseurs-puissance-225x300.jpg 225w, https:\/\/www.scop-renouvlab.fr\/wp-content\/uploads\/2024\/09\/3-kWc-AUTOCONSOMMATION-VENTE-SURPLUS-optimiseurs-puissance-1152x1536.jpg 1152w, https:\/\/www.scop-renouvlab.fr\/wp-content\/uploads\/2024\/09\/3-kWc-AUTOCONSOMMATION-VENTE-SURPLUS-optimiseurs-puissance-1536x2048.jpg 1536w, https:\/\/www.scop-renouvlab.fr\/wp-content\/uploads\/2024\/09\/3-kWc-AUTOCONSOMMATION-VENTE-SURPLUS-optimiseurs-puissance-scaled.jpg 1920w\" sizes=\"auto, (max-width: 768px) 100vw, 768px\" \/><\/figure>\n\n\n\n<figure class=\"wp-block-image size-large\"><img loading=\"lazy\" decoding=\"async\" width=\"512\" height=\"1024\" data-id=\"206\" src=\"https:\/\/www.scop-renouvlab.fr\/wp-content\/uploads\/2024\/09\/AUTOCONSO-VENTE-SURPLUS-STOCKAGE-10-kWh-Fronius-Gen24-6.0kVA-512x1024.jpg\" alt=\"\" class=\"wp-image-206\" srcset=\"https:\/\/www.scop-renouvlab.fr\/wp-content\/uploads\/2024\/09\/AUTOCONSO-VENTE-SURPLUS-STOCKAGE-10-kWh-Fronius-Gen24-6.0kVA-512x1024.jpg 512w, https:\/\/www.scop-renouvlab.fr\/wp-content\/uploads\/2024\/09\/AUTOCONSO-VENTE-SURPLUS-STOCKAGE-10-kWh-Fronius-Gen24-6.0kVA-150x300.jpg 150w, https:\/\/www.scop-renouvlab.fr\/wp-content\/uploads\/2024\/09\/AUTOCONSO-VENTE-SURPLUS-STOCKAGE-10-kWh-Fronius-Gen24-6.0kVA-768x1536.jpg 768w, https:\/\/www.scop-renouvlab.fr\/wp-content\/uploads\/2024\/09\/AUTOCONSO-VENTE-SURPLUS-STOCKAGE-10-kWh-Fronius-Gen24-6.0kVA-1024x2048.jpg 1024w, https:\/\/www.scop-renouvlab.fr\/wp-content\/uploads\/2024\/09\/AUTOCONSO-VENTE-SURPLUS-STOCKAGE-10-kWh-Fronius-Gen24-6.0kVA-scaled.jpg 1280w\" sizes=\"auto, (max-width: 512px) 100vw, 512px\" \/><\/figure>\n\n\n\n<figure class=\"wp-block-image size-large\"><img loading=\"lazy\" decoding=\"async\" width=\"1024\" height=\"512\" data-id=\"203\" src=\"https:\/\/www.scop-renouvlab.fr\/wp-content\/uploads\/2024\/09\/9-kWc-vente-totale-1024x512.jpg\" alt=\"\" class=\"wp-image-203\" srcset=\"https:\/\/www.scop-renouvlab.fr\/wp-content\/uploads\/2024\/09\/9-kWc-vente-totale-1024x512.jpg 1024w, https:\/\/www.scop-renouvlab.fr\/wp-content\/uploads\/2024\/09\/9-kWc-vente-totale-300x150.jpg 300w, https:\/\/www.scop-renouvlab.fr\/wp-content\/uploads\/2024\/09\/9-kWc-vente-totale-768x384.jpg 768w, https:\/\/www.scop-renouvlab.fr\/wp-content\/uploads\/2024\/09\/9-kWc-vente-totale-1536x768.jpg 1536w, https:\/\/www.scop-renouvlab.fr\/wp-content\/uploads\/2024\/09\/9-kWc-vente-totale-2048x1024.jpg 2048w\" sizes=\"auto, (max-width: 1024px) 100vw, 1024px\" \/><\/figure>\n\n\n\n<figure class=\"wp-block-image size-large\"><img loading=\"lazy\" decoding=\"async\" width=\"1024\" height=\"768\" data-id=\"202\" src=\"https:\/\/www.scop-renouvlab.fr\/wp-content\/uploads\/2024\/09\/7-kWc-autoconso-vente-surplus-1024x768.jpg\" alt=\"\" class=\"wp-image-202\" srcset=\"https:\/\/www.scop-renouvlab.fr\/wp-content\/uploads\/2024\/09\/7-kWc-autoconso-vente-surplus-1024x768.jpg 1024w, https:\/\/www.scop-renouvlab.fr\/wp-content\/uploads\/2024\/09\/7-kWc-autoconso-vente-surplus-300x225.jpg 300w, https:\/\/www.scop-renouvlab.fr\/wp-content\/uploads\/2024\/09\/7-kWc-autoconso-vente-surplus-768x576.jpg 768w, https:\/\/www.scop-renouvlab.fr\/wp-content\/uploads\/2024\/09\/7-kWc-autoconso-vente-surplus-1536x1152.jpg 1536w, https:\/\/www.scop-renouvlab.fr\/wp-content\/uploads\/2024\/09\/7-kWc-autoconso-vente-surplus-2048x1536.jpg 2048w\" sizes=\"auto, (max-width: 1024px) 100vw, 1024px\" \/><\/figure>\n\n\n\n<figure class=\"wp-block-image size-large\"><img loading=\"lazy\" decoding=\"async\" width=\"1024\" height=\"768\" data-id=\"194\" src=\"https:\/\/www.scop-renouvlab.fr\/wp-content\/uploads\/2024\/09\/Autoconso-vente-surplus-8-kWc-optimiseurs-1024x768.jpg\" alt=\"\" class=\"wp-image-194\" srcset=\"https:\/\/www.scop-renouvlab.fr\/wp-content\/uploads\/2024\/09\/Autoconso-vente-surplus-8-kWc-optimiseurs-1024x768.jpg 1024w, https:\/\/www.scop-renouvlab.fr\/wp-content\/uploads\/2024\/09\/Autoconso-vente-surplus-8-kWc-optimiseurs-300x225.jpg 300w, https:\/\/www.scop-renouvlab.fr\/wp-content\/uploads\/2024\/09\/Autoconso-vente-surplus-8-kWc-optimiseurs-768x576.jpg 768w, https:\/\/www.scop-renouvlab.fr\/wp-content\/uploads\/2024\/09\/Autoconso-vente-surplus-8-kWc-optimiseurs-1536x1152.jpg 1536w, https:\/\/www.scop-renouvlab.fr\/wp-content\/uploads\/2024\/09\/Autoconso-vente-surplus-8-kWc-optimiseurs.jpg 1984w\" sizes=\"auto, (max-width: 1024px) 100vw, 1024px\" \/><\/figure>\n\n\n\n<figure class=\"wp-block-image size-large\"><img loading=\"lazy\" decoding=\"async\" width=\"1024\" height=\"512\" data-id=\"195\" src=\"https:\/\/www.scop-renouvlab.fr\/wp-content\/uploads\/2024\/09\/CESI-5m\u00b2-PV-3-kWc-autoconso-1024x512.jpg\" alt=\"\" class=\"wp-image-195\" srcset=\"https:\/\/www.scop-renouvlab.fr\/wp-content\/uploads\/2024\/09\/CESI-5m\u00b2-PV-3-kWc-autoconso-1024x512.jpg 1024w, https:\/\/www.scop-renouvlab.fr\/wp-content\/uploads\/2024\/09\/CESI-5m\u00b2-PV-3-kWc-autoconso-300x150.jpg 300w, https:\/\/www.scop-renouvlab.fr\/wp-content\/uploads\/2024\/09\/CESI-5m\u00b2-PV-3-kWc-autoconso-768x384.jpg 768w, https:\/\/www.scop-renouvlab.fr\/wp-content\/uploads\/2024\/09\/CESI-5m\u00b2-PV-3-kWc-autoconso-1536x768.jpg 1536w, https:\/\/www.scop-renouvlab.fr\/wp-content\/uploads\/2024\/09\/CESI-5m\u00b2-PV-3-kWc-autoconso-2048x1024.jpg 2048w\" sizes=\"auto, (max-width: 1024px) 100vw, 1024px\" \/><\/figure>\n\n\n\n<figure class=\"wp-block-image size-large\"><img loading=\"lazy\" decoding=\"async\" width=\"1024\" height=\"540\" data-id=\"198\" src=\"https:\/\/www.scop-renouvlab.fr\/wp-content\/uploads\/2024\/09\/CESI-8-kWc-hybride-reseau-stockage-1024x540.jpg\" alt=\"\" class=\"wp-image-198\" srcset=\"https:\/\/www.scop-renouvlab.fr\/wp-content\/uploads\/2024\/09\/CESI-8-kWc-hybride-reseau-stockage-1024x540.jpg 1024w, https:\/\/www.scop-renouvlab.fr\/wp-content\/uploads\/2024\/09\/CESI-8-kWc-hybride-reseau-stockage-300x158.jpg 300w, https:\/\/www.scop-renouvlab.fr\/wp-content\/uploads\/2024\/09\/CESI-8-kWc-hybride-reseau-stockage-768x405.jpg 768w, https:\/\/www.scop-renouvlab.fr\/wp-content\/uploads\/2024\/09\/CESI-8-kWc-hybride-reseau-stockage-1536x811.jpg 1536w, https:\/\/www.scop-renouvlab.fr\/wp-content\/uploads\/2024\/09\/CESI-8-kWc-hybride-reseau-stockage.jpg 1626w\" sizes=\"auto, (max-width: 1024px) 100vw, 1024px\" \/><\/figure>\n\n\n\n<figure class=\"wp-block-image size-large\"><img loading=\"lazy\" decoding=\"async\" width=\"1024\" height=\"410\" data-id=\"196\" src=\"https:\/\/www.scop-renouvlab.fr\/wp-content\/uploads\/2024\/09\/hangar-agri-1024x410.jpg\" alt=\"\" class=\"wp-image-196\" srcset=\"https:\/\/www.scop-renouvlab.fr\/wp-content\/uploads\/2024\/09\/hangar-agri-1024x410.jpg 1024w, https:\/\/www.scop-renouvlab.fr\/wp-content\/uploads\/2024\/09\/hangar-agri-300x120.jpg 300w, https:\/\/www.scop-renouvlab.fr\/wp-content\/uploads\/2024\/09\/hangar-agri-768x308.jpg 768w, https:\/\/www.scop-renouvlab.fr\/wp-content\/uploads\/2024\/09\/hangar-agri-1536x616.jpg 1536w, https:\/\/www.scop-renouvlab.fr\/wp-content\/uploads\/2024\/09\/hangar-agri-2048x821.jpg 2048w\" sizes=\"auto, (max-width: 1024px) 100vw, 1024px\" \/><\/figure>\n<\/figure>\n\n\n\n<blockquote class=\"wp-block-quote is-layout-flow wp-block-quote-is-layout-flow\">\n<p>La SCOP r\u00e9alise toutes les interventions d&rsquo;entretien et de maintenance, et elle expertise des installations d\u00e9fectueuses sur tout syst\u00e8me PV.<\/p>\n<\/blockquote>\n\n\n\n<p>Les supports aux installations solaires propos\u00e9es sont de diff\u00e9rentes natures possibles :<\/p>\n\n\n\n<ul class=\"wp-block-list\">\n<li>toitures existantes en tuiles, bac acier, fibrociment avec installation en surimposition (les panneaux PV ne r\u00e9alisent pas l&rsquo;\u00e9tanch\u00e9it\u00e9)<\/li>\n\n\n\n<li>cr\u00e9ation de structure au sol avec lestage des ch\u00e2ssis m\u00e9talliques via longrines b\u00e9ton ou pieux viss\u00e9s<\/li>\n\n\n\n<li>cr\u00e9ation de pergolas, carport, brise soleil sur mesure<\/li>\n\n\n\n<li>hangar cl\u00e9 en main avec couverture PV int\u00e9gr\u00e9e ou en surimposition sur bac acier<\/li>\n<\/ul>\n\n\n\n<figure class=\"wp-block-gallery has-nested-images columns-default is-cropped wp-block-gallery-2 is-layout-flex wp-block-gallery-is-layout-flex\">\n<figure class=\"wp-block-image size-large\"><img loading=\"lazy\" decoding=\"async\" width=\"1024\" height=\"962\" data-id=\"158\" src=\"https:\/\/www.scop-renouvlab.fr\/wp-content\/uploads\/2021\/12\/HABITATION-SITE-ISOLE-660-Wc-stockage-2.5-kWh-1024x962.jpg\" alt=\"\" class=\"wp-image-158\" srcset=\"https:\/\/www.scop-renouvlab.fr\/wp-content\/uploads\/2021\/12\/HABITATION-SITE-ISOLE-660-Wc-stockage-2.5-kWh-1024x962.jpg 1024w, https:\/\/www.scop-renouvlab.fr\/wp-content\/uploads\/2021\/12\/HABITATION-SITE-ISOLE-660-Wc-stockage-2.5-kWh-300x282.jpg 300w, https:\/\/www.scop-renouvlab.fr\/wp-content\/uploads\/2021\/12\/HABITATION-SITE-ISOLE-660-Wc-stockage-2.5-kWh-768x721.jpg 768w, https:\/\/www.scop-renouvlab.fr\/wp-content\/uploads\/2021\/12\/HABITATION-SITE-ISOLE-660-Wc-stockage-2.5-kWh.jpg 1417w\" sizes=\"auto, (max-width: 1024px) 100vw, 1024px\" \/><\/figure>\n\n\n\n<figure class=\"wp-block-image size-large\"><img loading=\"lazy\" decoding=\"async\" width=\"1024\" height=\"749\" data-id=\"156\" src=\"https:\/\/www.scop-renouvlab.fr\/wp-content\/uploads\/2021\/12\/SITE-ISOLE-640-Wc-1024x749.jpg\" alt=\"\" class=\"wp-image-156\" srcset=\"https:\/\/www.scop-renouvlab.fr\/wp-content\/uploads\/2021\/12\/SITE-ISOLE-640-Wc-1024x749.jpg 1024w, https:\/\/www.scop-renouvlab.fr\/wp-content\/uploads\/2021\/12\/SITE-ISOLE-640-Wc-300x219.jpg 300w, https:\/\/www.scop-renouvlab.fr\/wp-content\/uploads\/2021\/12\/SITE-ISOLE-640-Wc-768x562.jpg 768w, https:\/\/www.scop-renouvlab.fr\/wp-content\/uploads\/2021\/12\/SITE-ISOLE-640-Wc.jpg 1417w\" sizes=\"auto, (max-width: 1024px) 100vw, 1024px\" \/><\/figure>\n\n\n\n<figure class=\"wp-block-image size-large\"><img loading=\"lazy\" decoding=\"async\" width=\"1024\" height=\"710\" data-id=\"6\" src=\"https:\/\/www.scop-renouvlab.fr\/wp-content\/uploads\/2021\/01\/PHOTO-FIN-AUTOCONSO-TOT-1.2-kW-1024x710.jpg\" alt=\"\" class=\"wp-image-6\" srcset=\"https:\/\/www.scop-renouvlab.fr\/wp-content\/uploads\/2021\/01\/PHOTO-FIN-AUTOCONSO-TOT-1.2-kW-1024x710.jpg 1024w, https:\/\/www.scop-renouvlab.fr\/wp-content\/uploads\/2021\/01\/PHOTO-FIN-AUTOCONSO-TOT-1.2-kW-300x208.jpg 300w, https:\/\/www.scop-renouvlab.fr\/wp-content\/uploads\/2021\/01\/PHOTO-FIN-AUTOCONSO-TOT-1.2-kW-768x533.jpg 768w, https:\/\/www.scop-renouvlab.fr\/wp-content\/uploads\/2021\/01\/PHOTO-FIN-AUTOCONSO-TOT-1.2-kW.jpg 1417w\" sizes=\"auto, (max-width: 1024px) 100vw, 1024px\" \/><figcaption class=\"wp-element-caption\"> Autoconsommation totale de 1,2 kWc chez un particulier<\/figcaption><\/figure>\n\n\n\n<figure class=\"wp-block-image size-large\"><img loading=\"lazy\" decoding=\"async\" width=\"1024\" height=\"624\" data-id=\"7\" src=\"https:\/\/www.scop-renouvlab.fr\/wp-content\/uploads\/2021\/01\/PV-au-sol-1024x624.jpg\" alt=\"\" class=\"wp-image-7\" srcset=\"https:\/\/www.scop-renouvlab.fr\/wp-content\/uploads\/2021\/01\/PV-au-sol-1024x624.jpg 1024w, https:\/\/www.scop-renouvlab.fr\/wp-content\/uploads\/2021\/01\/PV-au-sol-300x183.jpg 300w, https:\/\/www.scop-renouvlab.fr\/wp-content\/uploads\/2021\/01\/PV-au-sol-768x468.jpg 768w, https:\/\/www.scop-renouvlab.fr\/wp-content\/uploads\/2021\/01\/PV-au-sol.jpg 1417w\" sizes=\"auto, (max-width: 1024px) 100vw, 1024px\" \/><figcaption class=\"wp-element-caption\">12 kWc pour autoconsommation habitation+g\u00eetes<\/figcaption><\/figure>\n\n\n\n<figure class=\"wp-block-image size-large\"><img loading=\"lazy\" decoding=\"async\" width=\"1024\" height=\"512\" data-id=\"204\" src=\"https:\/\/www.scop-renouvlab.fr\/wp-content\/uploads\/2024\/09\/AUTOCONSO-CAMPING-12-KWc-1024x512.jpg\" alt=\"\" class=\"wp-image-204\" srcset=\"https:\/\/www.scop-renouvlab.fr\/wp-content\/uploads\/2024\/09\/AUTOCONSO-CAMPING-12-KWc-1024x512.jpg 1024w, https:\/\/www.scop-renouvlab.fr\/wp-content\/uploads\/2024\/09\/AUTOCONSO-CAMPING-12-KWc-300x150.jpg 300w, https:\/\/www.scop-renouvlab.fr\/wp-content\/uploads\/2024\/09\/AUTOCONSO-CAMPING-12-KWc-768x384.jpg 768w, https:\/\/www.scop-renouvlab.fr\/wp-content\/uploads\/2024\/09\/AUTOCONSO-CAMPING-12-KWc-1536x768.jpg 1536w, https:\/\/www.scop-renouvlab.fr\/wp-content\/uploads\/2024\/09\/AUTOCONSO-CAMPING-12-KWc-2048x1024.jpg 2048w\" sizes=\"auto, (max-width: 1024px) 100vw, 1024px\" \/><\/figure>\n\n\n\n<figure class=\"wp-block-image size-large\"><img loading=\"lazy\" decoding=\"async\" width=\"1024\" height=\"768\" data-id=\"201\" src=\"https:\/\/www.scop-renouvlab.fr\/wp-content\/uploads\/2024\/09\/6.4-kWc-AUTOCONSO-TOIT-TERRASSE-VEGETAL-1024x768.jpg\" alt=\"\" class=\"wp-image-201\" srcset=\"https:\/\/www.scop-renouvlab.fr\/wp-content\/uploads\/2024\/09\/6.4-kWc-AUTOCONSO-TOIT-TERRASSE-VEGETAL-1024x768.jpg 1024w, https:\/\/www.scop-renouvlab.fr\/wp-content\/uploads\/2024\/09\/6.4-kWc-AUTOCONSO-TOIT-TERRASSE-VEGETAL-300x225.jpg 300w, https:\/\/www.scop-renouvlab.fr\/wp-content\/uploads\/2024\/09\/6.4-kWc-AUTOCONSO-TOIT-TERRASSE-VEGETAL-768x576.jpg 768w, https:\/\/www.scop-renouvlab.fr\/wp-content\/uploads\/2024\/09\/6.4-kWc-AUTOCONSO-TOIT-TERRASSE-VEGETAL-1536x1152.jpg 1536w, https:\/\/www.scop-renouvlab.fr\/wp-content\/uploads\/2024\/09\/6.4-kWc-AUTOCONSO-TOIT-TERRASSE-VEGETAL-2048x1536.jpg 2048w\" sizes=\"auto, (max-width: 1024px) 100vw, 1024px\" \/><\/figure>\n\n\n\n<figure class=\"wp-block-image size-large\"><img loading=\"lazy\" decoding=\"async\" width=\"1024\" height=\"512\" data-id=\"199\" src=\"https:\/\/www.scop-renouvlab.fr\/wp-content\/uploads\/2024\/09\/IMG_20230606_162917_923-1024x512.jpg\" alt=\"\" class=\"wp-image-199\" srcset=\"https:\/\/www.scop-renouvlab.fr\/wp-content\/uploads\/2024\/09\/IMG_20230606_162917_923-1024x512.jpg 1024w, https:\/\/www.scop-renouvlab.fr\/wp-content\/uploads\/2024\/09\/IMG_20230606_162917_923-300x150.jpg 300w, https:\/\/www.scop-renouvlab.fr\/wp-content\/uploads\/2024\/09\/IMG_20230606_162917_923-768x384.jpg 768w, https:\/\/www.scop-renouvlab.fr\/wp-content\/uploads\/2024\/09\/IMG_20230606_162917_923-1536x768.jpg 1536w, https:\/\/www.scop-renouvlab.fr\/wp-content\/uploads\/2024\/09\/IMG_20230606_162917_923-2048x1024.jpg 2048w\" sizes=\"auto, (max-width: 1024px) 100vw, 1024px\" \/><\/figure>\n\n\n\n<figure class=\"wp-block-image size-large\"><img loading=\"lazy\" decoding=\"async\" width=\"874\" height=\"1024\" data-id=\"154\" src=\"https:\/\/www.scop-renouvlab.fr\/wp-content\/uploads\/2021\/12\/Antenne-relais-autonome-sur-chateau-deau-desaffecte-640-Wc-874x1024.jpg\" alt=\"\" class=\"wp-image-154\" srcset=\"https:\/\/www.scop-renouvlab.fr\/wp-content\/uploads\/2021\/12\/Antenne-relais-autonome-sur-chateau-deau-desaffecte-640-Wc-874x1024.jpg 874w, https:\/\/www.scop-renouvlab.fr\/wp-content\/uploads\/2021\/12\/Antenne-relais-autonome-sur-chateau-deau-desaffecte-640-Wc-256x300.jpg 256w, https:\/\/www.scop-renouvlab.fr\/wp-content\/uploads\/2021\/12\/Antenne-relais-autonome-sur-chateau-deau-desaffecte-640-Wc-768x900.jpg 768w, https:\/\/www.scop-renouvlab.fr\/wp-content\/uploads\/2021\/12\/Antenne-relais-autonome-sur-chateau-deau-desaffecte-640-Wc-1310x1536.jpg 1310w, https:\/\/www.scop-renouvlab.fr\/wp-content\/uploads\/2021\/12\/Antenne-relais-autonome-sur-chateau-deau-desaffecte-640-Wc.jpg 1451w\" sizes=\"auto, (max-width: 874px) 100vw, 874px\" \/><\/figure>\n<\/figure>\n","protected":false},"excerpt":{"rendered":"<p>La production d&rsquo;\u00e9lectricit\u00e9 gr\u00e2ce aux rayons du soleil est valorisable de diff\u00e9rentes fa\u00e7ons que l&rsquo;on soit raccord\u00e9 au r\u00e9seau \u00e9lectrique national ou en site isol\u00e9 (pas de lien avec le r\u00e9seau \u00e9lectrique). Nous proposons toutes les solutions visant \u00e0 l&rsquo;autoconsommation et\/ou la vente de l&rsquo;\u00e9lectricit\u00e9 produite : La SCOP r\u00e9alise toutes les interventions d&rsquo;entretien et [&hellip;]<\/p>\n","protected":false},"author":1,"featured_media":0,"parent":0,"menu_order":0,"comment_status":"closed","ping_status":"closed","template":"","meta":{"footnotes":""},"class_list":["post-62","page","type-page","status-publish","hentry"],"_links":{"self":[{"href":"https:\/\/www.scop-renouvlab.fr\/index.php?rest_route=\/wp\/v2\/pages\/62","targetHints":{"allow":["GET"]}}],"collection":[{"href":"https:\/\/www.scop-renouvlab.fr\/index.php?rest_route=\/wp\/v2\/pages"}],"about":[{"href":"https:\/\/www.scop-renouvlab.fr\/index.php?rest_route=\/wp\/v2\/types\/page"}],"author":[{"embeddable":true,"href":"https:\/\/www.scop-renouvlab.fr\/index.php?rest_route=\/wp\/v2\/users\/1"}],"replies":[{"embeddable":true,"href":"https:\/\/www.scop-renouvlab.fr\/index.php?rest_route=%2Fwp%2Fv2%2Fcomments&post=62"}],"version-history":[{"count":8,"href":"https:\/\/www.scop-renouvlab.fr\/index.php?rest_route=\/wp\/v2\/pages\/62\/revisions"}],"predecessor-version":[{"id":259,"href":"https:\/\/www.scop-renouvlab.fr\/index.php?rest_route=\/wp\/v2\/pages\/62\/revisions\/259"}],"wp:attachment":[{"href":"https:\/\/www.scop-renouvlab.fr\/index.php?rest_route=%2Fwp%2Fv2%2Fmedia&parent=62"}],"curies":[{"name":"wp","href":"https:\/\/api.w.org\/{rel}","templated":true}]}}