{"id":32,"date":"2021-01-14T22:06:19","date_gmt":"2021-01-14T22:06:19","guid":{"rendered":"http:\/\/www.scop-renouvlab.fr\/?page_id=32"},"modified":"2026-01-01T21:41:06","modified_gmt":"2026-01-01T21:41:06","slug":"solaire","status":"publish","type":"page","link":"https:\/\/www.scop-renouvlab.fr\/?page_id=32","title":{"rendered":"Solaire thermique"},"content":{"rendered":"\n<p class=\"has-text-align-center\"><strong>Solutions de recherche d&rsquo;autonomie pertinente, le chauffe eau solaire et le chauffage solaire restent l&rsquo;id\u00e9al \u00e9cologique !<\/strong><\/p>\n\n\n\n<p>Nous proposons des <strong>chauffe eau solaires<\/strong> ( CESI) adapt\u00e9s \u00e0 vos besoins, \u00e0 circulation forc\u00e9e ou auto-vidangeables.<\/p>\n\n\n\n<p>Nos marques de mat\u00e9riel :<\/p>\n\n\n\n<figure class=\"wp-block-image size-full\"><img loading=\"lazy\" decoding=\"async\" width=\"167\" height=\"38\" src=\"https:\/\/www.scop-renouvlab.fr\/wp-content\/uploads\/2026\/01\/image-1.png\" alt=\"\" class=\"wp-image-282\"\/><\/figure>\n\n\n\n<figure class=\"wp-block-image size-full\"><img loading=\"lazy\" decoding=\"async\" width=\"266\" height=\"57\" src=\"https:\/\/www.scop-renouvlab.fr\/wp-content\/uploads\/2026\/01\/image-2.png\" alt=\"\" class=\"wp-image-283\"\/><\/figure>\n\n\n\n<figure class=\"wp-block-image size-full is-resized\"><img loading=\"lazy\" decoding=\"async\" width=\"225\" height=\"225\" src=\"https:\/\/www.scop-renouvlab.fr\/wp-content\/uploads\/2026\/01\/image-3.png\" alt=\"\" class=\"wp-image-285\" style=\"width:141px;height:auto\" srcset=\"https:\/\/www.scop-renouvlab.fr\/wp-content\/uploads\/2026\/01\/image-3.png 225w, https:\/\/www.scop-renouvlab.fr\/wp-content\/uploads\/2026\/01\/image-3-150x150.png 150w\" sizes=\"auto, (max-width: 225px) 100vw, 225px\" \/><\/figure>\n\n\n\n<p>Les capteurs solaires sont install\u00e9s en toiture, int\u00e9gr\u00e9 ou en surimposition, ou au sol sur chassis suivant les encombrements et choix techniques. Le ou les ballons de stockage permettent d&rsquo;utiliser diff\u00e9rentes \u00e9nergies (mono, -bi, ou -tri-\u00e9nergie) pour r\u00e9aliser l\u2019appoint tout de m\u00eame n\u00e9cessaire sur une partie de l&rsquo;ann\u00e9e.<\/p>\n\n\n\n<figure class=\"wp-block-image size-large\"><img loading=\"lazy\" decoding=\"async\" width=\"1024\" height=\"831\" src=\"http:\/\/www.scop-renouvlab.fr\/wp-content\/uploads\/2021\/01\/CESI-integre-toiture-1024x831.jpg\" alt=\"Chauffe eau solaire\" class=\"wp-image-112\" srcset=\"https:\/\/www.scop-renouvlab.fr\/wp-content\/uploads\/2021\/01\/CESI-integre-toiture-1024x831.jpg 1024w, https:\/\/www.scop-renouvlab.fr\/wp-content\/uploads\/2021\/01\/CESI-integre-toiture-300x243.jpg 300w, https:\/\/www.scop-renouvlab.fr\/wp-content\/uploads\/2021\/01\/CESI-integre-toiture-768x623.jpg 768w, https:\/\/www.scop-renouvlab.fr\/wp-content\/uploads\/2021\/01\/CESI-integre-toiture-1536x1247.jpg 1536w, https:\/\/www.scop-renouvlab.fr\/wp-content\/uploads\/2021\/01\/CESI-integre-toiture-2048x1662.jpg 2048w\" sizes=\"auto, (max-width: 1024px) 100vw, 1024px\" \/><figcaption class=\"wp-element-caption\">R\u00e9novation : int\u00e9gration en toiture d&rsquo;un chauffe eau solaire (SCOP Renouv&rsquo;Lab)<\/figcaption><\/figure>\n\n\n\n<p>Les <strong>syst\u00e8mes solaires combin\u00e9s<\/strong> (SSC) sont utilis\u00e9s pour assurer une base de chauffage (par basse temp\u00e9rature de pr\u00e9f\u00e9rence) et l&rsquo;eau chaude sanitaire.<\/p>\n\n\n\n<p>Nous proposons pour l&rsquo;installation de ces syst\u00e8mes un service complet  du \u00ab\u00a0rayon de soleil au radiateur\u00a0\u00bb, c&rsquo;est \u00e0 dire comprenant la distribution (planchers chauffants, \u00e9metteurs type radiateurs), le stockage de chaleur et r\u00e9gulation, la mise en place des capteurs&#8230;<\/p>\n\n\n\n<p><\/p>\n\n\n\n<figure class=\"wp-block-gallery has-nested-images columns-default is-cropped wp-block-gallery-1 is-layout-flex wp-block-gallery-is-layout-flex\">\n<figure class=\"wp-block-image size-large\"><img loading=\"lazy\" decoding=\"async\" width=\"1024\" height=\"768\" data-id=\"205\" src=\"https:\/\/www.scop-renouvlab.fr\/wp-content\/uploads\/2024\/09\/IMG_20230228_164214_Amar-1024x768.jpg\" alt=\"\" class=\"wp-image-205\" srcset=\"https:\/\/www.scop-renouvlab.fr\/wp-content\/uploads\/2024\/09\/IMG_20230228_164214_Amar-1024x768.jpg 1024w, https:\/\/www.scop-renouvlab.fr\/wp-content\/uploads\/2024\/09\/IMG_20230228_164214_Amar-300x225.jpg 300w, https:\/\/www.scop-renouvlab.fr\/wp-content\/uploads\/2024\/09\/IMG_20230228_164214_Amar-768x576.jpg 768w, https:\/\/www.scop-renouvlab.fr\/wp-content\/uploads\/2024\/09\/IMG_20230228_164214_Amar-1536x1152.jpg 1536w, https:\/\/www.scop-renouvlab.fr\/wp-content\/uploads\/2024\/09\/IMG_20230228_164214_Amar-2048x1536.jpg 2048w\" sizes=\"auto, (max-width: 1024px) 100vw, 1024px\" \/><\/figure>\n\n\n\n<figure class=\"wp-block-image size-large\"><img loading=\"lazy\" decoding=\"async\" width=\"1024\" height=\"512\" data-id=\"195\" src=\"https:\/\/www.scop-renouvlab.fr\/wp-content\/uploads\/2024\/09\/CESI-5m\u00b2-PV-3-kWc-autoconso-1024x512.jpg\" alt=\"\" class=\"wp-image-195\" srcset=\"https:\/\/www.scop-renouvlab.fr\/wp-content\/uploads\/2024\/09\/CESI-5m\u00b2-PV-3-kWc-autoconso-1024x512.jpg 1024w, https:\/\/www.scop-renouvlab.fr\/wp-content\/uploads\/2024\/09\/CESI-5m\u00b2-PV-3-kWc-autoconso-300x150.jpg 300w, https:\/\/www.scop-renouvlab.fr\/wp-content\/uploads\/2024\/09\/CESI-5m\u00b2-PV-3-kWc-autoconso-768x384.jpg 768w, https:\/\/www.scop-renouvlab.fr\/wp-content\/uploads\/2024\/09\/CESI-5m\u00b2-PV-3-kWc-autoconso-1536x768.jpg 1536w, https:\/\/www.scop-renouvlab.fr\/wp-content\/uploads\/2024\/09\/CESI-5m\u00b2-PV-3-kWc-autoconso-2048x1024.jpg 2048w\" sizes=\"auto, (max-width: 1024px) 100vw, 1024px\" \/><\/figure>\n\n\n\n<figure class=\"wp-block-image size-large\"><img loading=\"lazy\" decoding=\"async\" width=\"1024\" height=\"327\" data-id=\"155\" src=\"https:\/\/www.scop-renouvlab.fr\/wp-content\/uploads\/2021\/12\/Chauffe-eau-solaire-CESC-Atelier-agricole-1024x327.jpg\" alt=\"\" class=\"wp-image-155\" srcset=\"https:\/\/www.scop-renouvlab.fr\/wp-content\/uploads\/2021\/12\/Chauffe-eau-solaire-CESC-Atelier-agricole-1024x327.jpg 1024w, https:\/\/www.scop-renouvlab.fr\/wp-content\/uploads\/2021\/12\/Chauffe-eau-solaire-CESC-Atelier-agricole-300x96.jpg 300w, https:\/\/www.scop-renouvlab.fr\/wp-content\/uploads\/2021\/12\/Chauffe-eau-solaire-CESC-Atelier-agricole-768x245.jpg 768w, https:\/\/www.scop-renouvlab.fr\/wp-content\/uploads\/2021\/12\/Chauffe-eau-solaire-CESC-Atelier-agricole-1536x490.jpg 1536w, https:\/\/www.scop-renouvlab.fr\/wp-content\/uploads\/2021\/12\/Chauffe-eau-solaire-CESC-Atelier-agricole-2048x654.jpg 2048w\" sizes=\"auto, (max-width: 1024px) 100vw, 1024px\" \/><\/figure>\n\n\n\n<figure class=\"wp-block-image size-large\"><img loading=\"lazy\" decoding=\"async\" width=\"578\" height=\"1024\" data-id=\"216\" src=\"https:\/\/www.scop-renouvlab.fr\/wp-content\/uploads\/2024\/09\/CESI-300-L-Autovidangeable-578x1024.jpg\" alt=\"\" class=\"wp-image-216\" srcset=\"https:\/\/www.scop-renouvlab.fr\/wp-content\/uploads\/2024\/09\/CESI-300-L-Autovidangeable-578x1024.jpg 578w, https:\/\/www.scop-renouvlab.fr\/wp-content\/uploads\/2024\/09\/CESI-300-L-Autovidangeable-169x300.jpg 169w, https:\/\/www.scop-renouvlab.fr\/wp-content\/uploads\/2024\/09\/CESI-300-L-Autovidangeable-768x1362.jpg 768w, https:\/\/www.scop-renouvlab.fr\/wp-content\/uploads\/2024\/09\/CESI-300-L-Autovidangeable-866x1536.jpg 866w, https:\/\/www.scop-renouvlab.fr\/wp-content\/uploads\/2024\/09\/CESI-300-L-Autovidangeable.jpg 1119w\" sizes=\"auto, (max-width: 578px) 100vw, 578px\" \/><\/figure>\n\n\n\n<figure class=\"wp-block-image size-large\"><img loading=\"lazy\" decoding=\"async\" width=\"1024\" height=\"512\" data-id=\"217\" src=\"https:\/\/www.scop-renouvlab.fr\/wp-content\/uploads\/2024\/09\/IMG_20231002_160023_nieullet-1024x512.jpg\" alt=\"\" class=\"wp-image-217\" srcset=\"https:\/\/www.scop-renouvlab.fr\/wp-content\/uploads\/2024\/09\/IMG_20231002_160023_nieullet-1024x512.jpg 1024w, https:\/\/www.scop-renouvlab.fr\/wp-content\/uploads\/2024\/09\/IMG_20231002_160023_nieullet-300x150.jpg 300w, https:\/\/www.scop-renouvlab.fr\/wp-content\/uploads\/2024\/09\/IMG_20231002_160023_nieullet-768x384.jpg 768w, https:\/\/www.scop-renouvlab.fr\/wp-content\/uploads\/2024\/09\/IMG_20231002_160023_nieullet-1536x768.jpg 1536w, https:\/\/www.scop-renouvlab.fr\/wp-content\/uploads\/2024\/09\/IMG_20231002_160023_nieullet-2048x1024.jpg 2048w\" sizes=\"auto, (max-width: 1024px) 100vw, 1024px\" \/><\/figure>\n\n\n\n<figure class=\"wp-block-image size-large\"><img loading=\"lazy\" decoding=\"async\" width=\"1024\" height=\"1024\" data-id=\"219\" src=\"https:\/\/www.scop-renouvlab.fr\/wp-content\/uploads\/2024\/09\/CESI-6m\u00b2-500-litres-1024x1024.jpg\" alt=\"\" class=\"wp-image-219\" srcset=\"https:\/\/www.scop-renouvlab.fr\/wp-content\/uploads\/2024\/09\/CESI-6m\u00b2-500-litres-1024x1024.jpg 1024w, https:\/\/www.scop-renouvlab.fr\/wp-content\/uploads\/2024\/09\/CESI-6m\u00b2-500-litres-300x300.jpg 300w, https:\/\/www.scop-renouvlab.fr\/wp-content\/uploads\/2024\/09\/CESI-6m\u00b2-500-litres-150x150.jpg 150w, https:\/\/www.scop-renouvlab.fr\/wp-content\/uploads\/2024\/09\/CESI-6m\u00b2-500-litres-768x768.jpg 768w, https:\/\/www.scop-renouvlab.fr\/wp-content\/uploads\/2024\/09\/CESI-6m\u00b2-500-litres-1536x1536.jpg 1536w, https:\/\/www.scop-renouvlab.fr\/wp-content\/uploads\/2024\/09\/CESI-6m\u00b2-500-litres-2048x2048.jpg 2048w\" sizes=\"auto, (max-width: 1024px) 100vw, 1024px\" \/><\/figure>\n\n\n\n<figure class=\"wp-block-image size-large\"><img loading=\"lazy\" decoding=\"async\" width=\"1024\" height=\"357\" data-id=\"16\" src=\"https:\/\/www.scop-renouvlab.fr\/wp-content\/uploads\/2021\/01\/CESI-PV-1024x357.jpg\" alt=\"\" class=\"wp-image-16\" srcset=\"https:\/\/www.scop-renouvlab.fr\/wp-content\/uploads\/2021\/01\/CESI-PV-1024x357.jpg 1024w, https:\/\/www.scop-renouvlab.fr\/wp-content\/uploads\/2021\/01\/CESI-PV-300x105.jpg 300w, https:\/\/www.scop-renouvlab.fr\/wp-content\/uploads\/2021\/01\/CESI-PV-768x268.jpg 768w, https:\/\/www.scop-renouvlab.fr\/wp-content\/uploads\/2021\/01\/CESI-PV-1536x535.jpg 1536w, https:\/\/www.scop-renouvlab.fr\/wp-content\/uploads\/2021\/01\/CESI-PV-2048x714.jpg 2048w, https:\/\/www.scop-renouvlab.fr\/wp-content\/uploads\/2021\/01\/CESI-PV-1200x418.jpg 1200w, https:\/\/www.scop-renouvlab.fr\/wp-content\/uploads\/2021\/01\/CESI-PV-1980x690.jpg 1980w\" sizes=\"auto, (max-width: 1024px) 100vw, 1024px\" \/><figcaption class=\"wp-element-caption\">Chauffe eau solaire int\u00e9gr\u00e9 sur habitation \/ solaire PV 3 kWc int\u00e9gr\u00e9 au b\u00e2ti en vente totale sur grange<\/figcaption><\/figure>\n<\/figure>\n","protected":false},"excerpt":{"rendered":"<p>Solutions de recherche d&rsquo;autonomie pertinente, le chauffe eau solaire et le chauffage solaire restent l&rsquo;id\u00e9al \u00e9cologique ! Nous proposons des chauffe eau solaires ( CESI) adapt\u00e9s \u00e0 vos besoins, \u00e0 circulation forc\u00e9e ou auto-vidangeables. Nos marques de mat\u00e9riel : Les capteurs solaires sont install\u00e9s en toiture, int\u00e9gr\u00e9 ou en surimposition, ou au sol sur chassis [&hellip;]<\/p>\n","protected":false},"author":1,"featured_media":0,"parent":0,"menu_order":0,"comment_status":"closed","ping_status":"closed","template":"","meta":{"footnotes":""},"class_list":["post-32","page","type-page","status-publish","hentry"],"_links":{"self":[{"href":"https:\/\/www.scop-renouvlab.fr\/index.php?rest_route=\/wp\/v2\/pages\/32","targetHints":{"allow":["GET"]}}],"collection":[{"href":"https:\/\/www.scop-renouvlab.fr\/index.php?rest_route=\/wp\/v2\/pages"}],"about":[{"href":"https:\/\/www.scop-renouvlab.fr\/index.php?rest_route=\/wp\/v2\/types\/page"}],"author":[{"embeddable":true,"href":"https:\/\/www.scop-renouvlab.fr\/index.php?rest_route=\/wp\/v2\/users\/1"}],"replies":[{"embeddable":true,"href":"https:\/\/www.scop-renouvlab.fr\/index.php?rest_route=%2Fwp%2Fv2%2Fcomments&post=32"}],"version-history":[{"count":6,"href":"https:\/\/www.scop-renouvlab.fr\/index.php?rest_route=\/wp\/v2\/pages\/32\/revisions"}],"predecessor-version":[{"id":286,"href":"https:\/\/www.scop-renouvlab.fr\/index.php?rest_route=\/wp\/v2\/pages\/32\/revisions\/286"}],"wp:attachment":[{"href":"https:\/\/www.scop-renouvlab.fr\/index.php?rest_route=%2Fwp%2Fv2%2Fmedia&parent=32"}],"curies":[{"name":"wp","href":"https:\/\/api.w.org\/{rel}","templated":true}]}}