{"id":2,"date":"2016-05-10T03:48:21","date_gmt":"2016-05-10T03:48:21","guid":{"rendered":"http:\/\/www.scop-renouvlab.fr\/?page_id=2"},"modified":"2026-01-01T00:42:05","modified_gmt":"2026-01-01T00:42:05","slug":"sample-page","status":"publish","type":"page","link":"https:\/\/www.scop-renouvlab.fr\/","title":{"rendered":"Bienvenue sur le site de la SCOP Renouv&rsquo;Lab"},"content":{"rendered":"<p>La Soci\u00e9t\u00e9 Coop\u00e9rative de Production (SCOP) Renouv&rsquo;Lab vous accompagne dans tous vos projets de d\u00e9veloppement, d&rsquo;installation ou de maintenance d&rsquo;\u00e9quipements \u00e9nerg\u00e9tiques solaires (thermique et photovolta\u00efque).<\/p>\n<blockquote>\n<p>Un acteur de la transition \u00e9nerg\u00e9tique sur le Quercy et ses environs, experts depuis 2009. Un service de proximit\u00e9 qui procure plus de s\u00e9curit\u00e9 et de r\u00e9activit\u00e9 !<\/p>\n<\/blockquote>\n<p>Particulier, entreprise, collectivit\u00e9, la SARL SCOP Renouv&rsquo;Lab r\u00e9pond \u00e0 toutes les <a href=\"https:\/\/www.scop-renouvlab.fr\/?page_id=107\">qualifications et les comp\u00e9tences<\/a> pour vos projets de syst\u00e8mes de production d&rsquo;\u00e9nergie renouvelable solaire.<\/p>\n\n\n<figure class=\"wp-block-gallery has-nested-images columns-default is-cropped wp-block-gallery-1 is-layout-flex wp-block-gallery-is-layout-flex\">\n<figure class=\"wp-block-image size-large\"><img loading=\"lazy\" decoding=\"async\" width=\"768\" height=\"1024\" data-id=\"207\" src=\"https:\/\/www.scop-renouvlab.fr\/wp-content\/uploads\/2024\/09\/3-kWc-AUTOCONSOMMATION-VENTE-SURPLUS-optimiseurs-puissance-768x1024.jpg\" alt=\"\" class=\"wp-image-207\" srcset=\"https:\/\/www.scop-renouvlab.fr\/wp-content\/uploads\/2024\/09\/3-kWc-AUTOCONSOMMATION-VENTE-SURPLUS-optimiseurs-puissance-768x1024.jpg 768w, https:\/\/www.scop-renouvlab.fr\/wp-content\/uploads\/2024\/09\/3-kWc-AUTOCONSOMMATION-VENTE-SURPLUS-optimiseurs-puissance-225x300.jpg 225w, https:\/\/www.scop-renouvlab.fr\/wp-content\/uploads\/2024\/09\/3-kWc-AUTOCONSOMMATION-VENTE-SURPLUS-optimiseurs-puissance-1152x1536.jpg 1152w, https:\/\/www.scop-renouvlab.fr\/wp-content\/uploads\/2024\/09\/3-kWc-AUTOCONSOMMATION-VENTE-SURPLUS-optimiseurs-puissance-1536x2048.jpg 1536w, https:\/\/www.scop-renouvlab.fr\/wp-content\/uploads\/2024\/09\/3-kWc-AUTOCONSOMMATION-VENTE-SURPLUS-optimiseurs-puissance-scaled.jpg 1920w\" sizes=\"auto, (max-width: 768px) 100vw, 768px\" \/><\/figure>\n\n\n\n<figure class=\"wp-block-image size-large\"><img loading=\"lazy\" decoding=\"async\" width=\"512\" height=\"1024\" data-id=\"206\" src=\"https:\/\/www.scop-renouvlab.fr\/wp-content\/uploads\/2024\/09\/AUTOCONSO-VENTE-SURPLUS-STOCKAGE-10-kWh-Fronius-Gen24-6.0kVA-512x1024.jpg\" alt=\"\" class=\"wp-image-206\" srcset=\"https:\/\/www.scop-renouvlab.fr\/wp-content\/uploads\/2024\/09\/AUTOCONSO-VENTE-SURPLUS-STOCKAGE-10-kWh-Fronius-Gen24-6.0kVA-512x1024.jpg 512w, https:\/\/www.scop-renouvlab.fr\/wp-content\/uploads\/2024\/09\/AUTOCONSO-VENTE-SURPLUS-STOCKAGE-10-kWh-Fronius-Gen24-6.0kVA-150x300.jpg 150w, https:\/\/www.scop-renouvlab.fr\/wp-content\/uploads\/2024\/09\/AUTOCONSO-VENTE-SURPLUS-STOCKAGE-10-kWh-Fronius-Gen24-6.0kVA-768x1536.jpg 768w, https:\/\/www.scop-renouvlab.fr\/wp-content\/uploads\/2024\/09\/AUTOCONSO-VENTE-SURPLUS-STOCKAGE-10-kWh-Fronius-Gen24-6.0kVA-1024x2048.jpg 1024w, https:\/\/www.scop-renouvlab.fr\/wp-content\/uploads\/2024\/09\/AUTOCONSO-VENTE-SURPLUS-STOCKAGE-10-kWh-Fronius-Gen24-6.0kVA-scaled.jpg 1280w\" sizes=\"auto, (max-width: 512px) 100vw, 512px\" \/><\/figure>\n\n\n\n<figure class=\"wp-block-image size-large\"><img loading=\"lazy\" decoding=\"async\" width=\"1024\" height=\"768\" data-id=\"194\" src=\"https:\/\/www.scop-renouvlab.fr\/wp-content\/uploads\/2024\/09\/Autoconso-vente-surplus-8-kWc-optimiseurs-1024x768.jpg\" alt=\"\" class=\"wp-image-194\" srcset=\"https:\/\/www.scop-renouvlab.fr\/wp-content\/uploads\/2024\/09\/Autoconso-vente-surplus-8-kWc-optimiseurs-1024x768.jpg 1024w, https:\/\/www.scop-renouvlab.fr\/wp-content\/uploads\/2024\/09\/Autoconso-vente-surplus-8-kWc-optimiseurs-300x225.jpg 300w, https:\/\/www.scop-renouvlab.fr\/wp-content\/uploads\/2024\/09\/Autoconso-vente-surplus-8-kWc-optimiseurs-768x576.jpg 768w, https:\/\/www.scop-renouvlab.fr\/wp-content\/uploads\/2024\/09\/Autoconso-vente-surplus-8-kWc-optimiseurs-1536x1152.jpg 1536w, https:\/\/www.scop-renouvlab.fr\/wp-content\/uploads\/2024\/09\/Autoconso-vente-surplus-8-kWc-optimiseurs.jpg 1984w\" sizes=\"auto, (max-width: 1024px) 100vw, 1024px\" \/><\/figure>\n\n\n\n<figure class=\"wp-block-image size-large\"><img loading=\"lazy\" decoding=\"async\" width=\"1024\" height=\"768\" data-id=\"201\" src=\"https:\/\/www.scop-renouvlab.fr\/wp-content\/uploads\/2024\/09\/6.4-kWc-AUTOCONSO-TOIT-TERRASSE-VEGETAL-1024x768.jpg\" alt=\"\" class=\"wp-image-201\" srcset=\"https:\/\/www.scop-renouvlab.fr\/wp-content\/uploads\/2024\/09\/6.4-kWc-AUTOCONSO-TOIT-TERRASSE-VEGETAL-1024x768.jpg 1024w, https:\/\/www.scop-renouvlab.fr\/wp-content\/uploads\/2024\/09\/6.4-kWc-AUTOCONSO-TOIT-TERRASSE-VEGETAL-300x225.jpg 300w, https:\/\/www.scop-renouvlab.fr\/wp-content\/uploads\/2024\/09\/6.4-kWc-AUTOCONSO-TOIT-TERRASSE-VEGETAL-768x576.jpg 768w, https:\/\/www.scop-renouvlab.fr\/wp-content\/uploads\/2024\/09\/6.4-kWc-AUTOCONSO-TOIT-TERRASSE-VEGETAL-1536x1152.jpg 1536w, https:\/\/www.scop-renouvlab.fr\/wp-content\/uploads\/2024\/09\/6.4-kWc-AUTOCONSO-TOIT-TERRASSE-VEGETAL-2048x1536.jpg 2048w\" sizes=\"auto, (max-width: 1024px) 100vw, 1024px\" \/><\/figure>\n\n\n\n<figure class=\"wp-block-image size-large\"><img loading=\"lazy\" decoding=\"async\" width=\"1024\" height=\"512\" data-id=\"199\" src=\"https:\/\/www.scop-renouvlab.fr\/wp-content\/uploads\/2024\/09\/IMG_20230606_162917_923-1024x512.jpg\" alt=\"\" class=\"wp-image-199\" srcset=\"https:\/\/www.scop-renouvlab.fr\/wp-content\/uploads\/2024\/09\/IMG_20230606_162917_923-1024x512.jpg 1024w, https:\/\/www.scop-renouvlab.fr\/wp-content\/uploads\/2024\/09\/IMG_20230606_162917_923-300x150.jpg 300w, https:\/\/www.scop-renouvlab.fr\/wp-content\/uploads\/2024\/09\/IMG_20230606_162917_923-768x384.jpg 768w, https:\/\/www.scop-renouvlab.fr\/wp-content\/uploads\/2024\/09\/IMG_20230606_162917_923-1536x768.jpg 1536w, https:\/\/www.scop-renouvlab.fr\/wp-content\/uploads\/2024\/09\/IMG_20230606_162917_923-2048x1024.jpg 2048w\" sizes=\"auto, (max-width: 1024px) 100vw, 1024px\" \/><\/figure>\n\n\n\n<figure class=\"wp-block-image size-large\"><img loading=\"lazy\" decoding=\"async\" width=\"1024\" height=\"410\" data-id=\"196\" src=\"https:\/\/www.scop-renouvlab.fr\/wp-content\/uploads\/2024\/09\/hangar-agri-1024x410.jpg\" alt=\"\" class=\"wp-image-196\" srcset=\"https:\/\/www.scop-renouvlab.fr\/wp-content\/uploads\/2024\/09\/hangar-agri-1024x410.jpg 1024w, https:\/\/www.scop-renouvlab.fr\/wp-content\/uploads\/2024\/09\/hangar-agri-300x120.jpg 300w, https:\/\/www.scop-renouvlab.fr\/wp-content\/uploads\/2024\/09\/hangar-agri-768x308.jpg 768w, https:\/\/www.scop-renouvlab.fr\/wp-content\/uploads\/2024\/09\/hangar-agri-1536x616.jpg 1536w, https:\/\/www.scop-renouvlab.fr\/wp-content\/uploads\/2024\/09\/hangar-agri-2048x821.jpg 2048w\" sizes=\"auto, (max-width: 1024px) 100vw, 1024px\" \/><\/figure>\n\n\n\n<figure class=\"wp-block-image size-large\"><img loading=\"lazy\" decoding=\"async\" width=\"1024\" height=\"767\" data-id=\"232\" src=\"https:\/\/www.scop-renouvlab.fr\/wp-content\/uploads\/2024\/12\/DJI_0311-1024x767.jpg\" alt=\"\" class=\"wp-image-232\" srcset=\"https:\/\/www.scop-renouvlab.fr\/wp-content\/uploads\/2024\/12\/DJI_0311-1024x767.jpg 1024w, https:\/\/www.scop-renouvlab.fr\/wp-content\/uploads\/2024\/12\/DJI_0311-300x225.jpg 300w, https:\/\/www.scop-renouvlab.fr\/wp-content\/uploads\/2024\/12\/DJI_0311-768x575.jpg 768w, https:\/\/www.scop-renouvlab.fr\/wp-content\/uploads\/2024\/12\/DJI_0311-1536x1151.jpg 1536w, https:\/\/www.scop-renouvlab.fr\/wp-content\/uploads\/2024\/12\/DJI_0311-2048x1534.jpg 2048w\" sizes=\"auto, (max-width: 1024px) 100vw, 1024px\" \/><figcaption class=\"wp-element-caption\">Champ solaire 12 kWc pour ACI camping<\/figcaption><\/figure>\n\n\n\n<figure class=\"wp-block-image size-large\"><img loading=\"lazy\" decoding=\"async\" width=\"1024\" height=\"767\" data-id=\"233\" src=\"https:\/\/www.scop-renouvlab.fr\/wp-content\/uploads\/2024\/12\/DJI_0313-1024x767.jpg\" alt=\"\" class=\"wp-image-233\" srcset=\"https:\/\/www.scop-renouvlab.fr\/wp-content\/uploads\/2024\/12\/DJI_0313-1024x767.jpg 1024w, https:\/\/www.scop-renouvlab.fr\/wp-content\/uploads\/2024\/12\/DJI_0313-300x225.jpg 300w, https:\/\/www.scop-renouvlab.fr\/wp-content\/uploads\/2024\/12\/DJI_0313-768x575.jpg 768w, https:\/\/www.scop-renouvlab.fr\/wp-content\/uploads\/2024\/12\/DJI_0313-1536x1151.jpg 1536w, https:\/\/www.scop-renouvlab.fr\/wp-content\/uploads\/2024\/12\/DJI_0313-2048x1534.jpg 2048w\" sizes=\"auto, (max-width: 1024px) 100vw, 1024px\" \/><figcaption class=\"wp-element-caption\">Autoconsommation individuelle ACI 8 kWc + Chauffe eau solaire<\/figcaption><\/figure>\n\n\n\n<figure class=\"wp-block-image size-large\"><img loading=\"lazy\" decoding=\"async\" width=\"1024\" height=\"767\" data-id=\"234\" src=\"https:\/\/www.scop-renouvlab.fr\/wp-content\/uploads\/2024\/12\/DJI_0316-1024x767.jpg\" alt=\"\" class=\"wp-image-234\" srcset=\"https:\/\/www.scop-renouvlab.fr\/wp-content\/uploads\/2024\/12\/DJI_0316-1024x767.jpg 1024w, https:\/\/www.scop-renouvlab.fr\/wp-content\/uploads\/2024\/12\/DJI_0316-300x225.jpg 300w, https:\/\/www.scop-renouvlab.fr\/wp-content\/uploads\/2024\/12\/DJI_0316-768x575.jpg 768w, https:\/\/www.scop-renouvlab.fr\/wp-content\/uploads\/2024\/12\/DJI_0316-1536x1151.jpg 1536w, https:\/\/www.scop-renouvlab.fr\/wp-content\/uploads\/2024\/12\/DJI_0316-2048x1534.jpg 2048w\" sizes=\"auto, (max-width: 1024px) 100vw, 1024px\" \/><figcaption class=\"wp-element-caption\">Int\u00e9gration sur couverture bac acier pour ACI<\/figcaption><\/figure>\n\n\n\n<figure class=\"wp-block-image size-large\"><img loading=\"lazy\" decoding=\"async\" width=\"1024\" height=\"767\" data-id=\"235\" src=\"https:\/\/www.scop-renouvlab.fr\/wp-content\/uploads\/2024\/12\/DJI_0319-1024x767.jpg\" alt=\"\" class=\"wp-image-235\" srcset=\"https:\/\/www.scop-renouvlab.fr\/wp-content\/uploads\/2024\/12\/DJI_0319-1024x767.jpg 1024w, https:\/\/www.scop-renouvlab.fr\/wp-content\/uploads\/2024\/12\/DJI_0319-300x225.jpg 300w, https:\/\/www.scop-renouvlab.fr\/wp-content\/uploads\/2024\/12\/DJI_0319-768x575.jpg 768w, https:\/\/www.scop-renouvlab.fr\/wp-content\/uploads\/2024\/12\/DJI_0319-1536x1151.jpg 1536w, https:\/\/www.scop-renouvlab.fr\/wp-content\/uploads\/2024\/12\/DJI_0319-2048x1534.jpg 2048w\" sizes=\"auto, (max-width: 1024px) 100vw, 1024px\" \/><figcaption class=\"wp-element-caption\">ACI sur atelier<\/figcaption><\/figure>\n\n\n\n<figure class=\"wp-block-image size-large\"><img loading=\"lazy\" decoding=\"async\" width=\"1024\" height=\"512\" data-id=\"195\" src=\"https:\/\/www.scop-renouvlab.fr\/wp-content\/uploads\/2024\/09\/CESI-5m\u00b2-PV-3-kWc-autoconso-1024x512.jpg\" alt=\"\" class=\"wp-image-195\" srcset=\"https:\/\/www.scop-renouvlab.fr\/wp-content\/uploads\/2024\/09\/CESI-5m\u00b2-PV-3-kWc-autoconso-1024x512.jpg 1024w, https:\/\/www.scop-renouvlab.fr\/wp-content\/uploads\/2024\/09\/CESI-5m\u00b2-PV-3-kWc-autoconso-300x150.jpg 300w, https:\/\/www.scop-renouvlab.fr\/wp-content\/uploads\/2024\/09\/CESI-5m\u00b2-PV-3-kWc-autoconso-768x384.jpg 768w, https:\/\/www.scop-renouvlab.fr\/wp-content\/uploads\/2024\/09\/CESI-5m\u00b2-PV-3-kWc-autoconso-1536x768.jpg 1536w, https:\/\/www.scop-renouvlab.fr\/wp-content\/uploads\/2024\/09\/CESI-5m\u00b2-PV-3-kWc-autoconso-2048x1024.jpg 2048w\" sizes=\"auto, (max-width: 1024px) 100vw, 1024px\" \/><\/figure>\n\n\n\n<figure class=\"wp-block-image size-large\"><img loading=\"lazy\" decoding=\"async\" width=\"1024\" height=\"327\" data-id=\"155\" src=\"https:\/\/www.scop-renouvlab.fr\/wp-content\/uploads\/2021\/12\/Chauffe-eau-solaire-CESC-Atelier-agricole-1024x327.jpg\" alt=\"\" class=\"wp-image-155\" srcset=\"https:\/\/www.scop-renouvlab.fr\/wp-content\/uploads\/2021\/12\/Chauffe-eau-solaire-CESC-Atelier-agricole-1024x327.jpg 1024w, https:\/\/www.scop-renouvlab.fr\/wp-content\/uploads\/2021\/12\/Chauffe-eau-solaire-CESC-Atelier-agricole-300x96.jpg 300w, https:\/\/www.scop-renouvlab.fr\/wp-content\/uploads\/2021\/12\/Chauffe-eau-solaire-CESC-Atelier-agricole-768x245.jpg 768w, https:\/\/www.scop-renouvlab.fr\/wp-content\/uploads\/2021\/12\/Chauffe-eau-solaire-CESC-Atelier-agricole-1536x490.jpg 1536w, https:\/\/www.scop-renouvlab.fr\/wp-content\/uploads\/2021\/12\/Chauffe-eau-solaire-CESC-Atelier-agricole-2048x654.jpg 2048w\" sizes=\"auto, (max-width: 1024px) 100vw, 1024px\" \/><\/figure>\n<\/figure>\n\n\n\n<p><\/p>\n\n\n\n<figure class=\"wp-block-table\"><table class=\"has-fixed-layout\"><tbody><tr><td>Compteur installations solaire PV r\u00e9alis\u00e9es au 01\/01\/2025<\/td><td>122 soit une puissance install\u00e9e de 550 kWc<\/td><\/tr><tr><td>Compteur installations solaire thermique r\u00e9alis\u00e9es au 01\/01\/2025<\/td><td>34 soit pr\u00e8s de 200 m\u00b2 de capteurs<\/td><\/tr><\/tbody><\/table><\/figure>\n\n\n\n<p><\/p>\n","protected":false},"excerpt":{"rendered":"<p>La Soci\u00e9t\u00e9 Coop\u00e9rative de Production (SCOP) Renouv&rsquo;Lab vous accompagne dans tous vos projets de d\u00e9veloppement, d&rsquo;installation ou de maintenance d&rsquo;\u00e9quipements \u00e9nerg\u00e9tiques solaires (thermique et photovolta\u00efque). Un acteur de la transition \u00e9nerg\u00e9tique sur le Quercy et ses environs, experts depuis 2009. Un service de proximit\u00e9 qui procure plus de s\u00e9curit\u00e9 et de r\u00e9activit\u00e9 ! Particulier, entreprise, [&hellip;]<\/p>\n","protected":false},"author":1,"featured_media":281,"parent":0,"menu_order":0,"comment_status":"closed","ping_status":"closed","template":"","meta":{"footnotes":""},"class_list":["post-2","page","type-page","status-publish","has-post-thumbnail","hentry"],"_links":{"self":[{"href":"https:\/\/www.scop-renouvlab.fr\/index.php?rest_route=\/wp\/v2\/pages\/2","targetHints":{"allow":["GET"]}}],"collection":[{"href":"https:\/\/www.scop-renouvlab.fr\/index.php?rest_route=\/wp\/v2\/pages"}],"about":[{"href":"https:\/\/www.scop-renouvlab.fr\/index.php?rest_route=\/wp\/v2\/types\/page"}],"author":[{"embeddable":true,"href":"https:\/\/www.scop-renouvlab.fr\/index.php?rest_route=\/wp\/v2\/users\/1"}],"replies":[{"embeddable":true,"href":"https:\/\/www.scop-renouvlab.fr\/index.php?rest_route=%2Fwp%2Fv2%2Fcomments&post=2"}],"version-history":[{"count":14,"href":"https:\/\/www.scop-renouvlab.fr\/index.php?rest_route=\/wp\/v2\/pages\/2\/revisions"}],"predecessor-version":[{"id":262,"href":"https:\/\/www.scop-renouvlab.fr\/index.php?rest_route=\/wp\/v2\/pages\/2\/revisions\/262"}],"wp:featuredmedia":[{"embeddable":true,"href":"https:\/\/www.scop-renouvlab.fr\/index.php?rest_route=\/wp\/v2\/media\/281"}],"wp:attachment":[{"href":"https:\/\/www.scop-renouvlab.fr\/index.php?rest_route=%2Fwp%2Fv2%2Fmedia&parent=2"}],"curies":[{"name":"wp","href":"https:\/\/api.w.org\/{rel}","templated":true}]}}