{"id":107,"date":"2021-01-24T21:40:35","date_gmt":"2021-01-24T21:40:35","guid":{"rendered":"http:\/\/www.scop-renouvlab.fr\/?page_id=107"},"modified":"2025-04-03T15:46:55","modified_gmt":"2025-04-03T15:46:55","slug":"lequipe","status":"publish","type":"page","link":"https:\/\/www.scop-renouvlab.fr\/?page_id=107","title":{"rendered":"Nos comp\u00e9tences"},"content":{"rendered":"\n<figure class=\"wp-block-gallery has-nested-images columns-default is-cropped wp-block-gallery-1 is-layout-flex wp-block-gallery-is-layout-flex\">\n<figure class=\"wp-block-image size-large\"><img loading=\"lazy\" decoding=\"async\" width=\"225\" height=\"225\" data-id=\"250\" src=\"https:\/\/www.scop-renouvlab.fr\/wp-content\/uploads\/2025\/02\/FORMATION-ECHAFAUDAGE.png\" alt=\"\" class=\"wp-image-250\" srcset=\"https:\/\/www.scop-renouvlab.fr\/wp-content\/uploads\/2025\/02\/FORMATION-ECHAFAUDAGE.png 225w, https:\/\/www.scop-renouvlab.fr\/wp-content\/uploads\/2025\/02\/FORMATION-ECHAFAUDAGE-150x150.png 150w\" sizes=\"auto, (max-width: 225px) 100vw, 225px\" \/><\/figure>\n\n\n\n<figure class=\"wp-block-image size-medium\"><img loading=\"lazy\" decoding=\"async\" width=\"300\" height=\"147\" data-id=\"249\" src=\"https:\/\/www.scop-renouvlab.fr\/wp-content\/uploads\/2025\/02\/Sans-titre-300x147.png\" alt=\"\" class=\"wp-image-249\" srcset=\"https:\/\/www.scop-renouvlab.fr\/wp-content\/uploads\/2025\/02\/Sans-titre-300x147.png 300w, https:\/\/www.scop-renouvlab.fr\/wp-content\/uploads\/2025\/02\/Sans-titre.png 321w\" sizes=\"auto, (max-width: 300px) 100vw, 300px\" \/><\/figure>\n\n\n\n<figure class=\"wp-block-image size-large\"><img loading=\"lazy\" decoding=\"async\" width=\"1024\" height=\"672\" data-id=\"248\" src=\"https:\/\/www.scop-renouvlab.fr\/wp-content\/uploads\/2025\/02\/logo-Qualisol-unitemp-RGE-1024x672.png\" alt=\"\" class=\"wp-image-248\" srcset=\"https:\/\/www.scop-renouvlab.fr\/wp-content\/uploads\/2025\/02\/logo-Qualisol-unitemp-RGE-1024x672.png 1024w, https:\/\/www.scop-renouvlab.fr\/wp-content\/uploads\/2025\/02\/logo-Qualisol-unitemp-RGE-300x197.png 300w, https:\/\/www.scop-renouvlab.fr\/wp-content\/uploads\/2025\/02\/logo-Qualisol-unitemp-RGE-768x504.png 768w, https:\/\/www.scop-renouvlab.fr\/wp-content\/uploads\/2025\/02\/logo-Qualisol-unitemp-RGE.png 1076w\" sizes=\"auto, (max-width: 1024px) 100vw, 1024px\" \/><\/figure>\n\n\n\n<figure class=\"wp-block-image size-large\"><img loading=\"lazy\" decoding=\"async\" width=\"1024\" height=\"672\" data-id=\"247\" src=\"https:\/\/www.scop-renouvlab.fr\/wp-content\/uploads\/2025\/02\/logo-QualiPV-unitemp-RGE-1024x672.png\" alt=\"\" class=\"wp-image-247\" srcset=\"https:\/\/www.scop-renouvlab.fr\/wp-content\/uploads\/2025\/02\/logo-QualiPV-unitemp-RGE-1024x672.png 1024w, https:\/\/www.scop-renouvlab.fr\/wp-content\/uploads\/2025\/02\/logo-QualiPV-unitemp-RGE-300x197.png 300w, https:\/\/www.scop-renouvlab.fr\/wp-content\/uploads\/2025\/02\/logo-QualiPV-unitemp-RGE-768x504.png 768w, https:\/\/www.scop-renouvlab.fr\/wp-content\/uploads\/2025\/02\/logo-QualiPV-unitemp-RGE.png 1076w\" sizes=\"auto, (max-width: 1024px) 100vw, 1024px\" \/><\/figure>\n\n\n\n<figure class=\"wp-block-image size-medium\"><img loading=\"lazy\" decoding=\"async\" width=\"300\" height=\"128\" data-id=\"246\" src=\"https:\/\/www.scop-renouvlab.fr\/wp-content\/uploads\/2025\/02\/logo_reference-maaf_2025_392x167-002-300x128.png\" alt=\"\" class=\"wp-image-246\" srcset=\"https:\/\/www.scop-renouvlab.fr\/wp-content\/uploads\/2025\/02\/logo_reference-maaf_2025_392x167-002-300x128.png 300w, https:\/\/www.scop-renouvlab.fr\/wp-content\/uploads\/2025\/02\/logo_reference-maaf_2025_392x167-002.png 392w\" sizes=\"auto, (max-width: 300px) 100vw, 300px\" \/><\/figure>\n\n\n\n<figure class=\"wp-block-image size-large\"><img loading=\"lazy\" decoding=\"async\" width=\"225\" height=\"224\" data-id=\"245\" src=\"https:\/\/www.scop-renouvlab.fr\/wp-content\/uploads\/2025\/02\/images.png\" alt=\"\" class=\"wp-image-245\" srcset=\"https:\/\/www.scop-renouvlab.fr\/wp-content\/uploads\/2025\/02\/images.png 225w, https:\/\/www.scop-renouvlab.fr\/wp-content\/uploads\/2025\/02\/images-150x150.png 150w\" sizes=\"auto, (max-width: 225px) 100vw, 225px\" \/><\/figure>\n<\/figure>\n\n\n\n<p><a>La SCOP est n\u00e9e fin 2019 de l\u2019association de trois personnes aux profils et comp\u00e9tences compl\u00e9mentaires&nbsp;motiv\u00e9s par le d\u00e9sir d&rsquo;agir localement dans une approche op\u00e9rationnelle :<\/a><\/p>\n\n\n\n<p>Ludovic BARBIER (associ\u00e9 de 2019 \u00e0 mi-2024)&nbsp;: Artisan plombier chauffagiste, g\u00e9rant de l\u2019entreprise \u00ab&nbsp;Eau Soleil du Causse&nbsp;\u00bb depuis 10 ans, sp\u00e9cialis\u00e9 dans l\u2019installation de syst\u00e8mes solaires thermiques et photovolta\u00efques, et de chauffages individuels et automatiques au Bois-Energie. Formateur d\u2019installateurs thermiques\/sanitaires \u00e0 l\u2019\u00e9cole des m\u00e9tiers du Lot.<\/p>\n\n\n\n<p>Mathias AUTESSERRE (associ\u00e9 salari\u00e9 ; g\u00e9rant)&nbsp;:&nbsp; Energ\u00e9ticien agronome sp\u00e9cialis\u00e9 dans les \u00e9nergies renouvelables \u00e9lectriques (photovolta\u00efque, cog\u00e9n\u00e9ration) et thermiques. Diagnostiqueur, animateur, Conseiller en Energie Partag\u00e9, Assistant \u00e0 Ma\u00eetre d\u2019Ouvrage et formateur entre 2006 et 2019 au sein de l\u2019Agence Quercy Energies. R\u00e9f\u00e9rent technique des Soci\u00e9t\u00e9s Coop\u00e9ratives d\u2019Int\u00e9r\u00eat Collectif (SCIC) d\u2019investissement citoyen. Installateur Mainteneur en Syst\u00e8mes Solaires Thermiques et Photovolta\u00efques (IMSSTP).<\/p>\n\n\n\n<p>Jean-Michel FERRY (associ\u00e9 non-salari\u00e9)&nbsp;: Ing\u00e9nieur \u00e9nerg\u00e9ticien sp\u00e9cialis\u00e9 dans les \u00e9nergies renouvelables thermiques (bois \u00e9nergie et solaire). Animateur, Assistant \u00e0 Ma\u00eetre d\u2019Ouvrage et formateur entre 2000 et 2018 au sein de l\u2019Agence Quercy Energies. Directeur de la Soci\u00e9t\u00e9 Coop\u00e9rative d\u2019Int\u00e9r\u00eat Collectif (SCIC) \u00ab&nbsp;Bois Energie Lot&nbsp;\u00bb (BEL) depuis mai 2018.<\/p>\n\n\n\n<p>Apr\u00e8s plusieurs ann\u00e9es de fonctionnement, dont les crises sanitaires et \u00e9nerg\u00e9tiques, la SCOP est aujourd&rsquo;hui compos\u00e9e de 4 salari\u00e9s et 5 associ\u00e9s coop\u00e9rateurs.<\/p>\n\n\n\n<p>L&rsquo;\u00e9quipe technique est compos\u00e9e de :<\/p>\n\n\n\n<p>Florian Guigonnet (salari\u00e9 associ\u00e9) : couvreur \/ zingueur + Certificat de Qualification Professionnelle (Installateur Mainteneur en Syst\u00e8mes Solaires Thermiques et Photovolta\u00efques IMSSTP) .<\/p>\n\n\n\n<p>Hadrien Larcher (salari\u00e9 associ\u00e9) : cordiste sp\u00e9cialis\u00e9 dans les travaux en hauteur ; sp\u00e9cialiste des syst\u00e8mes solaires d&rsquo;int\u00e9gration toiture<\/p>\n\n\n\n<p>Leah Power : assistante administrative et comptable<\/p>\n\n\n\n<p>Katalin Kolosy (associ\u00e9e non-salari\u00e9e) : conseill\u00e8re administrative et strat\u00e9gique<br><\/p>\n","protected":false},"excerpt":{"rendered":"<p>La SCOP est n\u00e9e fin 2019 de l\u2019association de trois personnes aux profils et comp\u00e9tences compl\u00e9mentaires&nbsp;motiv\u00e9s par le d\u00e9sir d&rsquo;agir localement dans une approche op\u00e9rationnelle : Ludovic BARBIER (associ\u00e9 de 2019 \u00e0 mi-2024)&nbsp;: Artisan plombier chauffagiste, g\u00e9rant de l\u2019entreprise \u00ab&nbsp;Eau Soleil du Causse&nbsp;\u00bb depuis 10 ans, sp\u00e9cialis\u00e9 dans l\u2019installation de syst\u00e8mes solaires thermiques et photovolta\u00efques, [&hellip;]<\/p>\n","protected":false},"author":1,"featured_media":256,"parent":0,"menu_order":0,"comment_status":"closed","ping_status":"closed","template":"","meta":{"footnotes":""},"class_list":["post-107","page","type-page","status-publish","has-post-thumbnail","hentry"],"_links":{"self":[{"href":"https:\/\/www.scop-renouvlab.fr\/index.php?rest_route=\/wp\/v2\/pages\/107","targetHints":{"allow":["GET"]}}],"collection":[{"href":"https:\/\/www.scop-renouvlab.fr\/index.php?rest_route=\/wp\/v2\/pages"}],"about":[{"href":"https:\/\/www.scop-renouvlab.fr\/index.php?rest_route=\/wp\/v2\/types\/page"}],"author":[{"embeddable":true,"href":"https:\/\/www.scop-renouvlab.fr\/index.php?rest_route=\/wp\/v2\/users\/1"}],"replies":[{"embeddable":true,"href":"https:\/\/www.scop-renouvlab.fr\/index.php?rest_route=%2Fwp%2Fv2%2Fcomments&post=107"}],"version-history":[{"count":5,"href":"https:\/\/www.scop-renouvlab.fr\/index.php?rest_route=\/wp\/v2\/pages\/107\/revisions"}],"predecessor-version":[{"id":254,"href":"https:\/\/www.scop-renouvlab.fr\/index.php?rest_route=\/wp\/v2\/pages\/107\/revisions\/254"}],"wp:featuredmedia":[{"embeddable":true,"href":"https:\/\/www.scop-renouvlab.fr\/index.php?rest_route=\/wp\/v2\/media\/256"}],"wp:attachment":[{"href":"https:\/\/www.scop-renouvlab.fr\/index.php?rest_route=%2Fwp%2Fv2%2Fmedia&parent=107"}],"curies":[{"name":"wp","href":"https:\/\/api.w.org\/{rel}","templated":true}]}}